{"id":3,"date":"2023-08-04T10:49:20","date_gmt":"2023-08-04T10:49:20","guid":{"rendered":"http:\/\/www.chrobot.legal\/?page_id=3"},"modified":"2023-08-15T08:08:52","modified_gmt":"2023-08-15T08:08:52","slug":"rodo","status":"publish","type":"page","link":"https:\/\/www.chrobot.legal\/index.php\/rodo\/","title":{"rendered":"Polityka Prywatno\u015bci"},"content":{"rendered":"<p>[et_pb_section fb_built=&#8221;1&#8243; admin_label=&#8221;section&#8221; _builder_version=&#8221;4.16&#8243; global_colors_info=&#8221;{}&#8221;][et_pb_row admin_label=&#8221;row&#8221; _builder_version=&#8221;4.16&#8243; background_size=&#8221;initial&#8221; background_position=&#8221;top_left&#8221; background_repeat=&#8221;repeat&#8221; global_colors_info=&#8221;{}&#8221;][et_pb_column type=&#8221;4_4&#8243; _builder_version=&#8221;4.16&#8243; custom_padding=&#8221;|||&#8221; global_colors_info=&#8221;{}&#8221; custom_padding__hover=&#8221;|||&#8221;][et_pb_image src=&#8221;http:\/\/www.chrobot.legal\/wp-content\/uploads\/2023\/08\/chl_logo_hor_sign.svg&#8221; title_text=&#8221;chl_logo_hor_sign&#8221; _builder_version=&#8221;4.22.0&#8243; _module_preset=&#8221;default&#8221; width=&#8221;350px&#8221; module_alignment=&#8221;center&#8221; custom_margin=&#8221;0px||30px||false|false&#8221; custom_padding=&#8221;0px||||false|false&#8221; global_colors_info=&#8221;{}&#8221;][\/et_pb_image][et_pb_text admin_label=&#8221;Text&#8221; _builder_version=&#8221;4.22.0&#8243; background_size=&#8221;initial&#8221; background_position=&#8221;top_left&#8221; background_repeat=&#8221;repeat&#8221; global_colors_info=&#8221;{}&#8221;]<\/p>\n<p class=\"p2\">Zgodnie z art. 13 ust. 1 i 2 Rozporz\u0105dzenia Parlamentu Europejskiego i Rady (UE) 2016\/679 z dnia 27 kwietnia 2016 r. w sprawie ochrony os\u00f3b fizycznych w zwi\u0105zku z przetwarzaniem danych osobowych i w sprawie swobodnego przep\u0142ywu takich danych oraz uchylenia dyrektywy 95\/46\/WE (og\u00f3lne rozporz\u0105dzenie o ochronie danych), tzw. RODO informujemy, \u017ce:<\/p>\n<p class=\"p2\"><b>I. Administrator danych:<\/b><\/p>\n<p class=\"p2\">Informujemy, \u017ce administratorem danych osobowych jest adwokat Agnieszka Chrobot prowadz\u0105ca dzia\u0142alno\u015b\u0107 gospodarcz\u0105 pod firm\u0105 Kancelaria Adwokacka CHROBOT Legal Adwokat Agnieszka Chrobot z siedzib\u0105 w Katowicach przy ul. Klonowej 32.<\/p>\n<p class=\"p2\"><b>II. Cele przetwarzania danych osobowych:<\/b><\/p>\n<p class=\"p2\">Przetwarzanie danych osobowych odbywa si\u0119 wy\u0142\u0105cznie w celu wykonywania czynno\u015bci adwokackich, \u015bwiadczenia us\u0142ug doradczych.<\/p>\n<p class=\"p2\"><b>III. Podstawa prawna przetwarzania danych osobowych:<\/b><\/p>\n<p class=\"p2\">Dane osobowe s\u0105 przetwarzane na podstawie art. 6 ust 1 lit. b, c, f RODO:<\/p>\n<ul class=\"ul1\">\n<li class=\"li2\">przetwarzanie jest niezb\u0119dne do wykonania umowy, kt\u00f3rej stron\u0105 jest osoba, kt\u00f3rej dane dotycz\u0105, lub do podj\u0119cia dzia\u0142a\u0144 na \u017c\u0105danie osoby, kt\u00f3rej dane dotycz\u0105, przed zawarciem umowy;<\/li>\n<li class=\"li2\">przetwarzanie jest niezb\u0119dne do wype\u0142nienia obowi\u0105zku prawnego ci\u0105\u017c\u0105cego na administratorze, w szczeg\u00f3lno\u015bci w zakresie obowi\u0105zk\u00f3w podatkowych i ksi\u0119gowych;<\/li>\n<li class=\"li2\">w celach windykacyjnych jako realizacja prawnie uzasadnionego interesu administratora;<\/li>\n<li class=\"li2\">w celu prowadzenia korespondencji, w tym tak\u017ce elektronicznej jako realizacja prawnie uzasadnionego interesu administratora.<\/li>\n<\/ul>\n<p class=\"p2\"><b>IV. Odbiorcy danych osobowych:<\/b><\/p>\n<p class=\"p2\">Dost\u0119p do danych osobowych maj\u0105 jedynie upowa\u017cnieni pracownicy \/ wsp\u00f3\u0142pracownicy \/ podwykonawcy w celu realizacji swoich obowi\u0105zk\u00f3w s\u0142u\u017cbowych, a tak\u017ce podmioty \u015bwiadcz\u0105ce us\u0142ugi informatyczne, ksi\u0119gowe, hostingowe oraz w zakresie \u015bwiadczenia us\u0142ug zwi\u0105zanych z utrzymaniem poczty elektronicznej.<\/p>\n<p class=\"p2\"><b>V. Przekazywanie danych osobowych do pa\u0144stwa trzecich lub organizacji mi\u0119dzynarodowych:<\/b><\/p>\n<p class=\"p2\">Dane osobowe nie s\u0105 przekazywane do pa\u0144stwa trzeciego lub organizacji mi\u0119dzynarodowych.<\/p>\n<p class=\"p2\"><b>VI. Okres przechowywania danych osobowych:<\/b><\/p>\n<p class=\"p2\">Dane osobowe b\u0119d\u0105 przetwarzane przez 10 lat od ko\u0144ca roku, w kt\u00f3rym zako\u0144czy\u0142o si\u0119 post\u0119powanie, w kt\u00f3rym dane osobowe zosta\u0142y zgromadzone w zakresie danych przetwarzanych w ramach wykonywania zawodu adwokata.<\/p>\n<p class=\"p2\">W pozosta\u0142ych przypadkach dane osobowe b\u0119d\u0105 przetwarzane tak d\u0142ugo, jak wymagaj\u0105 tego odpowiednie przepisy prawa, w szczeg\u00f3lno\u015bci podatkowe<span class=\"Apple-converted-space\">\u00a0 \u00a0 \u00a0 \u00a0 \u00a0 \u00a0 \u00a0 \u00a0 \u00a0 \u00a0 \u00a0 \u00a0 \u00a0 \u00a0 \u00a0 \u00a0 \u00a0 \u00a0 \u00a0 \u00a0 <\/span>i rachunkowe oraz tak d\u0142ugo jak jest to niezb\u0119dne do ustalenia, dochodzenia lub obrony roszcze\u0144.<\/p>\n<p class=\"p2\"><b>VII. Prawa osoby, kt\u00f3rej dane dotycz\u0105:<\/b><\/p>\n<p class=\"p2\">Przys\u0142uguje Pa\u0144stwu prawo do:<\/p>\n<ul class=\"ul1\">\n<li class=\"li2\">dost\u0119pu do danych osobowych, o ile jego realizacja nie narusza obowi\u0105zku zachowania tajemnicy przez adwokata (art. 15 ust. 1 RODO),<\/li>\n<li class=\"li2\">otrzymania kopii danych osobowych, o ile jego realizacja nie narusza obowi\u0105zku zachowania tajemnicy przez adwokata (art. 15 ust. 3 RODO),<\/li>\n<li class=\"li2\">sprostowania lub uaktualnienia danych osobowych (art. 16 RODO),<\/li>\n<li class=\"li2\">usuni\u0119cia danych osobowych \u2013 je\u017celi Pa\u0144stwa zdaniem nie ma podstaw <span class=\"Apple-converted-space\">\u00a0 \u00a0 \u00a0 \u00a0 \u00a0 \u00a0 \u00a0 \u00a0 \u00a0 \u00a0 \u00a0 \u00a0 \u00a0 \u00a0 \u00a0 <\/span>do tego, aby Administrator przetwarza\u0142 Pa\u0144stwa dane, mo\u017cecie Pa\u0144stwo \u017c\u0105da\u0107 aby Administrator je usun\u0105\u0142 za wyj\u0105tkiem sytuacji, w kt\u00f3rych obowi\u0105zek przetwarzania danych osobowych wynika z przepisu prawa lub przetwarzanie danych jest niezb\u0119dne do dochodzenia, ustalenia lub obrony roszcze\u0144 (art. 17 RODO),<\/li>\n<li class=\"li2\">ograniczenia przetwarzania danych osobowych, o ile jego realizacja nie narusza obowi\u0105zku zachowania tajemnicy przez adwokata (art. 18 RODO),<\/li>\n<li class=\"li2\">przenoszenia swoich danych osobowych, tj. do otrzymania od Administratora informacji o\u00a0przetwarzanych danych osobowych, w ustrukturyzowanym, powszechnie u\u017cywanym formacie nadaj\u0105cym si\u0119 do odczytu maszynowego wy\u0142\u0105cznie w zakresie, w jakim dane osobowe s\u0105 przetwarzane w\u00a0celu zawarcia i wykonywania umowy i s\u0105 przetwarzane w spos\u00f3b zautomatyzowany (art. 20 RODO),<\/li>\n<li class=\"li2\">wniesienia skargi do Prezesa Urz\u0119du Ochrony Danych Osobowych, gdy uznaj\u0105 Pa\u0144stwo, i\u017c\u00a0przetwarzanie Pani\/Pana danych osobowych narusza przepisy RODO.<\/li>\n<\/ul>\n<p class=\"p2\">W przypadku, gdy podstaw\u0105 przetwarzania danych osobowych jest prawnie uzasadniony interes administratora, przys\u0142uguje prawo do wniesienia sprzeciwu wobec przetwarzania danych osobowych (art. 21 RODO) za wyj\u0105tkiem danych osobowych pozyskanych przez administratora w zwi\u0105zku z udzielaniem pomocy prawnej.<\/p>\n<p class=\"p2\">W celu skorzystania z przys\u0142uguj\u0105cych praw, nale\u017cy kontaktowa\u0107 si\u0119<span class=\"Apple-converted-space\">\u00a0 \u00a0 \u00a0 \u00a0 \u00a0 \u00a0 \u00a0 \u00a0 \u00a0 \u00a0 \u00a0 \u00a0 \u00a0 \u00a0 \u00a0 \u00a0 \u00a0 \u00a0 \u00a0 \u00a0 \u00a0 \u00a0 \u00a0 \u00a0 \u00a0 <\/span>z administratorem pod adresem:<span class=\"s1\"> kancelaria@chrobot.legal<\/span>, telefonicznie pod numerem +48\u00a0503\u00a0055\u00a0788 lub listownie na adres siedziby wskazany w punkcie I.<\/p>\n<p class=\"p2\"><b>VIII. Informacja o obowi\u0105zku podania danych osobowych i skutkach ich niepodania:<\/b><\/p>\n<p class=\"p2\">Podanie danych osobowych jest dobrowolne w celu zawarcia i wykonania umowy oraz w celu realizacji prawnie uzasadnione interesu administratora.<\/p>\n<p class=\"p2\">W pozosta\u0142ych przypadkach podanie danych jest obowi\u0105zkowe, w szczeg\u00f3lno\u015bci gdy wymaga tego spe\u0142nienie obowi\u0105zku prawnego ci\u0105\u017c\u0105cego na administratorze.<\/p>\n<p class=\"p2\"><b>IX. Profilowanie:<\/b><\/p>\n<p class=\"p3\">Dane osobowe nie s\u0105 wykorzystywane w celu zautomatyzowanego podejmowania decyzji, w tym profilowania.<\/p>\n<p><!-- \/wp:paragraph --><\/p>\n<p>[\/et_pb_text][\/et_pb_column][\/et_pb_row][\/et_pb_section]<\/p>\n","protected":false},"excerpt":{"rendered":"<p>Zgodnie z art. 13 ust. 1 i 2 Rozporz\u0105dzenia Parlamentu Europejskiego i Rady (UE) 2016\/679 z dnia 27 kwietnia 2016 r. w sprawie ochrony os\u00f3b fizycznych w zwi\u0105zku z przetwarzaniem danych osobowych i w sprawie swobodnego przep\u0142ywu takich danych oraz uchylenia dyrektywy 95\/46\/WE (og\u00f3lne rozporz\u0105dzenie o ochronie danych), tzw. RODO informujemy, \u017ce: I. Administrator danych: [&hellip;]<\/p>\n","protected":false},"author":1,"featured_media":0,"parent":0,"menu_order":0,"comment_status":"closed","ping_status":"closed","template":"","meta":{"_acf_changed":false,"_et_pb_use_builder":"on","_et_pb_old_content":"<!-- wp:paragraph -->\n<p>Wiadomo\u015b\u0107 mo\u017ce zawiera\u0107 korespondencj\u0119 poufn\u0105 i obj\u0119t\u0105 tajemnic\u0105<br>adwokack\u0105. Je\u017celi nie s\u0105 Pa\u0144stwo jej adresatem, informujemy, \u017ce<br>otrzymali j\u0105 Pa\u0144stwo omy\u0142kowo oraz \u017ce przegl\u0105danie, rozpowszechnianie<br>lub kopiowanie jest zabronione. W przypadku omy\u0142kowego otrzymania<br>wiadomo\u015bci prosimy o niezw\u0142oczne powiadomienie o tym nadawcy zwrotn\u0105<br>poczt\u0105 elektroniczn\u0105 oraz o usuni\u0119cie otrzymanej wiadomo\u015bci wraz z<br>za\u0142\u0105cznikami.<\/p>\n<!-- \/wp:paragraph -->","_et_gb_content_width":"","footnotes":""},"dipi_cpt_category":[],"acf":[],"_links":{"self":[{"href":"https:\/\/www.chrobot.legal\/index.php\/wp-json\/wp\/v2\/pages\/3"}],"collection":[{"href":"https:\/\/www.chrobot.legal\/index.php\/wp-json\/wp\/v2\/pages"}],"about":[{"href":"https:\/\/www.chrobot.legal\/index.php\/wp-json\/wp\/v2\/types\/page"}],"author":[{"embeddable":true,"href":"https:\/\/www.chrobot.legal\/index.php\/wp-json\/wp\/v2\/users\/1"}],"replies":[{"embeddable":true,"href":"https:\/\/www.chrobot.legal\/index.php\/wp-json\/wp\/v2\/comments?post=3"}],"version-history":[{"count":15,"href":"https:\/\/www.chrobot.legal\/index.php\/wp-json\/wp\/v2\/pages\/3\/revisions"}],"predecessor-version":[{"id":429,"href":"https:\/\/www.chrobot.legal\/index.php\/wp-json\/wp\/v2\/pages\/3\/revisions\/429"}],"wp:attachment":[{"href":"https:\/\/www.chrobot.legal\/index.php\/wp-json\/wp\/v2\/media?parent=3"}],"wp:term":[{"taxonomy":"dipi_cpt_category","embeddable":true,"href":"https:\/\/www.chrobot.legal\/index.php\/wp-json\/wp\/v2\/dipi_cpt_category?post=3"}],"curies":[{"name":"wp","href":"https:\/\/api.w.org\/{rel}","templated":true}]}}